{"id":220,"date":"2018-09-17T04:10:16","date_gmt":"2018-09-17T04:10:16","guid":{"rendered":"https:\/\/demo.themegrill.com\/zakra-education\/?page_id=220"},"modified":"2020-09-30T22:45:43","modified_gmt":"2020-09-30T22:45:43","slug":"computer-science","status":"publish","type":"page","link":"https:\/\/contraloriasocial.uaz.edu.mx\/","title":{"rendered":"Computer Science"},"content":{"rendered":"\t\t<div data-elementor-type=\"wp-post\" data-elementor-id=\"220\" class=\"elementor elementor-220\" data-elementor-settings=\"[]\">\n\t\t\t\t\t\t<div class=\"elementor-inner\">\n\t\t\t\t\t\t\t<div class=\"elementor-section-wrap\">\n\t\t\t\t\t\t\t<section class=\"elementor-section elementor-top-section elementor-element elementor-element-2339c92 elementor-section-boxed elementor-section-height-default elementor-section-height-default\" data-id=\"2339c92\" data-element_type=\"section\">\n\t\t\t\t\t\t<div class=\"elementor-container elementor-column-gap-default\">\n\t\t\t\t\t\t\t<div class=\"elementor-row\">\n\t\t\t\t\t<div class=\"elementor-column elementor-col-100 elementor-top-column elementor-element elementor-element-9609a47\" data-id=\"9609a47\" data-element_type=\"column\">\n\t\t\t<div class=\"elementor-column-wrap elementor-element-populated\">\n\t\t\t\t\t\t\t<div class=\"elementor-widget-wrap\">\n\t\t\t\t\t\t<div class=\"elementor-element elementor-element-a2a52fa elementor-widget-divider--separator-type-pattern elementor-widget-divider--no-spacing elementor-widget elementor-widget-divider\" data-id=\"a2a52fa\" data-element_type=\"widget\" data-widget_type=\"divider.default\">\n\t\t\t\t<div class=\"elementor-widget-container\">\n\t\t\t\t\t<div class=\"elementor-divider\" style=\"--divider-pattern-url: url(&quot;data:image\/svg+xml,%3Csvg xmlns=&#039;http:\/\/www.w3.org\/2000\/svg&#039; preserveAspectRatio=&#039;none&#039; overflow=&#039;visible&#039; height=&#039;100%&#039; viewBox=&#039;0 0 24 24&#039; fill=&#039;%23C39A52&#039; stroke=&#039;none&#039;%3E%3Cpath d=&#039;M24,8v12H0V8H24z M24,4v1H0V4H24z&#039;\/%3E%3C\/svg%3E&quot;);\">\n\t\t\t<span class=\"elementor-divider-separator\">\n\t\t\t\t\t\t<\/span>\n\t\t<\/div>\n\t\t\t\t<\/div>\n\t\t\t\t<\/div>\n\t\t\t\t<div class=\"elementor-element elementor-element-0702112 elementor-widget elementor-widget-text-editor\" data-id=\"0702112\" data-element_type=\"widget\" data-widget_type=\"text-editor.default\">\n\t\t\t\t<div class=\"elementor-widget-container\">\n\t\t\t\t\t<div class=\"elementor-text-editor elementor-clearfix\"><div data-id=\"412f8c7\" data-element_type=\"widget\" data-widget_type=\"text-editor.default\">\n<div>\n<div>\n<h4><b><span style=\"font-family: Montserrat;\">Programa para el Desarrollo Profesional Docente, para el Tipo Superior 2020<br>\n<\/span><\/b><\/h4>\n<p><span style=\"color: #151552;\">&nbsp;<\/span><\/p>\n<p>&nbsp;<\/p>\n<h4>Documentos<\/h4>\n<p>&nbsp;<\/p>\n<ul>\n<li><a href=\"http:\/\/www.dgesui.ses.sep.gob.mx\/Documentos\/DSA gobmx\/PRODEP\/Esquema.pdf\" target=\"_blank\" rel=\"noopener\">Esquema<\/a><\/li>\n<li><a href=\"http:\/\/www.dgesui.ses.sep.gob.mx\/documentos\/DSA gobmx\/PRODEP\/Gu\u00eda Operativa.pdf\" target=\"_blank\" rel=\"noopener\">Gu\u00eda Operativa<\/a><\/li><\/ul><div><br><\/div><ul>\n<\/ul>\n<div><\/div>\n<p>Anexos<\/p>\n<p>&nbsp;<\/p>\n<ol>\n<li style=\"list-style-type: none;\">\n<ol>\n<li><a href=\"http:\/\/www.dgesui.ses.sep.gob.mx\/documentos\/DSA gobmx\/PRODEP\/1. Informe del Comit\u00e9 de Contralor\u00eda Social.pdf\" target=\"_blank\" rel=\"noopener\">Informe del comit\u00e9 de Contralor\u00eda Social<\/a><\/li>\n<li><a href=\"http:\/\/www.dgesui.ses.sep.gob.mx\/documentos\/DSA gobmx\/PRODEP\/2. Ficha de definiciones para la operaci\u00f3n de la Contralor\u00eda Social.pdf\" target=\"_blank\" rel=\"noopener\">Ficha de definiciones para la operaci\u00f3n de Contralor\u00eda Social<\/a><\/li>\n<li><a href=\"http:\/\/www.dgesui.ses.sep.gob.mx\/documentos\/DSA gobmx\/PRODEP\/3. Programa Institucional de Difusi\u00f3n de Contralor\u00eda Social 2020 (PIDCS).pdf\" target=\"_blank\" rel=\"noopener\">Programa institucional de difusi\u00f3n de Contralor\u00eda Social 2020 (PIDCS)<\/a><\/li>\n<li><a href=\"http:\/\/www.dgesui.ses.sep.gob.mx\/documentos\/DSA gobmx\/PRODEP\/4. Acta de registro de comit\u00e9.pdf\" target=\"_blank\" rel=\"noopener\">Acta de registro de comit\u00e9<\/a><\/li>\n<li><a href=\"http:\/\/www.dgesui.ses.sep.gob.mx\/documentos\/DSA gobmx\/PRODEP\/5. Minuta de Reuni\u00f3n.pdf\" target=\"_blank\" rel=\"noopener\">Minuta de Reuni\u00f3n<\/a><\/li>\n<li><a href=\"http:\/\/www.dgesui.ses.sep.gob.mx\/documentos\/DSA gobmx\/PRODEP\/6. Acta de Sustituci\u00f3n de Integrante de Comit\u00e9.pdf\" target=\"_blank\" rel=\"noopener\">Acta de Sustituci\u00f3n de Integrante de Comit\u00e9<\/a><\/li>\n<li><a href=\"http:\/\/www.dgesui.ses.sep.gob.mx\/documentos\/DSA gobmx\/PRODEP\/Formato quejas.pdf\" target=\"_blank\" rel=\"noopener\">Formato quejas<\/a><\/li>\n<\/ol>\n<div><\/div>\n<\/li>\n<li style=\"list-style-type: none;\"><br><\/li>\n<\/ol>\n<ul>\n<li><a href=\"http:\/\/www.dgesui.ses.sep.gob.mx\/documentos\/DSA gobmx\/PRODEP\/Actividades de difusi\u00f3n 2020.pdf\">Actividades de difusi\u00f3n 2020<\/a><\/li>\n<li><a href=\"http:\/\/www.dgesui.ses.sep.gob.mx\/documentos\/DSA gobmx\/PRODEP\/Reglas de Operaci\u00f3n 2020 PRODEP.pdf\">Reglas de operaci\u00f3n 2020 PRODEP<\/a><\/li>\n<\/ul>\n<p><span style=\"color: #151552;\">&nbsp;<\/span><\/p>\n<\/div>\n<\/div>\n<\/div><\/div>\n\t\t\t\t<\/div>\n\t\t\t\t<\/div>\n\t\t\t\t\t\t<\/div>\n\t\t\t\t\t<\/div>\n\t\t<\/div>\n\t\t\t\t\t\t\t\t<\/div>\n\t\t\t\t\t<\/div>\n\t\t<\/section>\n\t\t\t\t<section class=\"elementor-section elementor-top-section elementor-element elementor-element-b49f124 elementor-section-boxed elementor-section-height-default elementor-section-height-default\" data-id=\"b49f124\" data-element_type=\"section\">\n\t\t\t\t\t\t<div class=\"elementor-container elementor-column-gap-default\">\n\t\t\t\t\t\t\t<div class=\"elementor-row\">\n\t\t\t\t\t<div class=\"elementor-column elementor-col-100 elementor-top-column elementor-element elementor-element-1329ba6\" data-id=\"1329ba6\" data-element_type=\"column\">\n\t\t\t<div class=\"elementor-column-wrap elementor-element-populated\">\n\t\t\t\t\t\t\t<div class=\"elementor-widget-wrap\">\n\t\t\t\t\t\t<div class=\"elementor-element elementor-element-8684d63 elementor-widget-divider--separator-type-pattern elementor-widget-divider--no-spacing elementor-widget elementor-widget-divider\" data-id=\"8684d63\" data-element_type=\"widget\" data-widget_type=\"divider.default\">\n\t\t\t\t<div class=\"elementor-widget-container\">\n\t\t\t\t\t<div class=\"elementor-divider\" style=\"--divider-pattern-url: url(&quot;data:image\/svg+xml,%3Csvg xmlns=&#039;http:\/\/www.w3.org\/2000\/svg&#039; preserveAspectRatio=&#039;none&#039; overflow=&#039;visible&#039; height=&#039;100%&#039; viewBox=&#039;0 0 24 24&#039; fill=&#039;%23C39A52&#039; stroke=&#039;none&#039;%3E%3Cpath d=&#039;M24,8v12H0V8H24z M24,4v1H0V4H24z&#039;\/%3E%3C\/svg%3E&quot;);\">\n\t\t\t<span class=\"elementor-divider-separator\">\n\t\t\t\t\t\t<\/span>\n\t\t<\/div>\n\t\t\t\t<\/div>\n\t\t\t\t<\/div>\n\t\t\t\t\t\t<\/div>\n\t\t\t\t\t<\/div>\n\t\t<\/div>\n\t\t\t\t\t\t\t\t<\/div>\n\t\t\t\t\t<\/div>\n\t\t<\/section>\n\t\t\t\t\t\t<\/div>\n\t\t\t\t\t\t<\/div>\n\t\t\t\t\t<\/div>\n\t\t","protected":false},"excerpt":{"rendered":"<p>Programa para el Desarrollo Profesional Docente, para el Tipo Superior 2020 &nbsp; &nbsp; Documentos &nbsp; Esquema Gu\u00eda Operativa Anexos &nbsp; Informe del comit\u00e9 de Contralor\u00eda Social Ficha de definiciones para la operaci\u00f3n de Contralor\u00eda Social Programa institucional de difusi\u00f3n de Contralor\u00eda Social 2020 (PIDCS) Acta de registro de comit\u00e9 Minuta de Reuni\u00f3n Acta de Sustituci\u00f3n<a class=\"more-link\" href=\"https:\/\/contraloriasocial.uaz.edu.mx\/\">Seguir leyendo <span class=\"screen-reader-text\">&#8220;Computer Science&#8221;<\/span><\/a><\/p>\n","protected":false},"author":1,"featured_media":0,"parent":0,"menu_order":0,"comment_status":"closed","ping_status":"closed","template":"elementor_header_footer","meta":[],"_links":{"self":[{"href":"https:\/\/contraloriasocial.uaz.edu.mx\/index.php?rest_route=\/wp\/v2\/pages\/220"}],"collection":[{"href":"https:\/\/contraloriasocial.uaz.edu.mx\/index.php?rest_route=\/wp\/v2\/pages"}],"about":[{"href":"https:\/\/contraloriasocial.uaz.edu.mx\/index.php?rest_route=\/wp\/v2\/types\/page"}],"author":[{"embeddable":true,"href":"https:\/\/contraloriasocial.uaz.edu.mx\/index.php?rest_route=\/wp\/v2\/users\/1"}],"replies":[{"embeddable":true,"href":"https:\/\/contraloriasocial.uaz.edu.mx\/index.php?rest_route=%2Fwp%2Fv2%2Fcomments&post=220"}],"version-history":[{"count":14,"href":"https:\/\/contraloriasocial.uaz.edu.mx\/index.php?rest_route=\/wp\/v2\/pages\/220\/revisions"}],"predecessor-version":[{"id":630,"href":"https:\/\/contraloriasocial.uaz.edu.mx\/index.php?rest_route=\/wp\/v2\/pages\/220\/revisions\/630"}],"wp:attachment":[{"href":"https:\/\/contraloriasocial.uaz.edu.mx\/index.php?rest_route=%2Fwp%2Fv2%2Fmedia&parent=220"}],"curies":[{"name":"wp","href":"https:\/\/api.w.org\/{rel}","templated":true}]}}